{"id":28,"date":"2018-02-20T20:51:12","date_gmt":"2018-02-20T19:51:12","guid":{"rendered":"http:\/\/tegpublishing.se\/hemmafru\/?page_id=28"},"modified":"2018-02-20T23:18:38","modified_gmt":"2018-02-20T22:18:38","slug":"om-podden","status":"publish","type":"page","link":"https:\/\/tegpublishing.se\/hemmafru\/om-podden\/","title":{"rendered":"Om podden"},"content":{"rendered":"<div class=\"entry-content col-lg-10\">\n<p>Hemmafru \u00e4r en podcast med f\u00f6rfattaren Kristina Sandberg \u2013 som skrivit den uppm\u00e4rksammade romantrilogin om hemmafrun Maj \u2013 och konstn\u00e4ren Sven Teglund, som publicerat sin mor Siri Johanssons dagb\u00f6cker i boken \u201censamheten v\u00e4rst\u201d.<\/p>\n<p>Kristina och Sven l\u00e5ter tv\u00e5 hemmafruar m\u00f6tas, den fiktiva Maj och den verkliga Siri, i en samtalsserie om stoltheten \u00f6ver ett st\u00e4dat hem, nybakta sm\u00e5kakor och v\u00e4lartade barn. Men ocks\u00e5 om den inre oron och k\u00e4nslan av att aldrig riktigt duga.<\/p>\n<p>* * *<\/p>\n<\/div>\n<p>Av och med: Kristina Sandberg och Sven Teglund<br \/>\nVinjett: Jonas Teglund (basklarinett av Nils Berg)<br \/>\nPresentat\u00f6r: Ann Petr\u00e9n<br \/>\nLogotyp: Karin Melin<br \/>\nFotografi: Sofia Runarsdotter<br \/>\nProducenter: Anders &amp; Jonas Teglund<\/p>\n","protected":false},"excerpt":{"rendered":"excerpt","protected":false},"author":2,"featured_media":0,"parent":0,"menu_order":0,"comment_status":"closed","ping_status":"closed","template":"","meta":{"episode_type":"","audio_file":"","cover_image":"","cover_image_id":"","duration":"","filesize":"","date_recorded":"","explicit":"","block":"","filesize_raw":""},"_links":{"self":[{"href":"https:\/\/tegpublishing.se\/hemmafru\/wp-json\/wp\/v2\/pages\/28"}],"collection":[{"href":"https:\/\/tegpublishing.se\/hemmafru\/wp-json\/wp\/v2\/pages"}],"about":[{"href":"https:\/\/tegpublishing.se\/hemmafru\/wp-json\/wp\/v2\/types\/page"}],"author":[{"embeddable":true,"href":"https:\/\/tegpublishing.se\/hemmafru\/wp-json\/wp\/v2\/users\/2"}],"replies":[{"embeddable":true,"href":"https:\/\/tegpublishing.se\/hemmafru\/wp-json\/wp\/v2\/comments?post=28"}],"version-history":[{"count":3,"href":"https:\/\/tegpublishing.se\/hemmafru\/wp-json\/wp\/v2\/pages\/28\/revisions"}],"predecessor-version":[{"id":42,"href":"https:\/\/tegpublishing.se\/hemmafru\/wp-json\/wp\/v2\/pages\/28\/revisions\/42"}],"wp:attachment":[{"href":"https:\/\/tegpublishing.se\/hemmafru\/wp-json\/wp\/v2\/media?parent=28"}],"curies":[{"name":"wp","href":"https:\/\/api.w.org\/{rel}","templated":true}]}}